{"id":128,"date":"2018-05-27T17:52:27","date_gmt":"2018-05-27T15:52:27","guid":{"rendered":"http:\/\/ladoux-avocat.com\/?page_id=128"},"modified":"2018-08-26T19:09:52","modified_gmt":"2018-08-26T17:09:52","slug":"politique-de-confidentialite","status":"publish","type":"page","link":"https:\/\/ladoux-avocat.com\/index.php\/politique-de-confidentialite\/","title":{"rendered":"Politique de confidentialit\u00e9"},"content":{"rendered":"<h2>Utilisation des donn\u00e9es personnelles collect\u00e9es<\/h2>\n<h3>Formulaires de contact<\/h3>\n<p>Les informations recueillies font l\u2019objet d\u2019un traitement informatique destin\u00e9 \u00e0 la prise de rendez-vous ou \u00e0 l\u2019\u00e9tablissement d\u2019un devis. Le destinataire des donn\u00e9es est Ma\u00eetre Benjamin LADOUX, Avocat, inscrit aupr\u00e8s du Barreau de PARIS depuis le 28 octobre 2015, exer\u00e7ant 22, Boulevard Saint-Germain, 75005 PARIS, t\u00e9l\u00e9phone\u00a0: 06 76 92 96 73 &#8211; t\u00e9l\u00e9copie\u00a0: 09 70 32 25 92, mail\u00a0: benjamin@ladoux-avocat.com<\/p>\n<p>Conform\u00e9ment aux articles 13 et 14 du r\u00e8glement (UE) g\u00e9n\u00e9ral sur la protection des donn\u00e9es 2016\/679 du Parlement europ\u00e9en et du Conseil du 27 avril 2016 et l\u2019article 32 de la loi \u00ab\u00a0Informatique et libert\u00e9s\u00a0\u00bb du 6 janvier 1978 modifi\u00e9e en 2004, le directeur de publication de ce site vous informe\u00a0:<\/p>\n<p>\u00ab\u00a0Le responsable du fichier est Me Benjamin LADOUX dont les coordonn\u00e9es sont pr\u00e9cis\u00e9es ci-dessus. La finalit\u00e9 du traitement de ces donn\u00e9es est la prise de rendez-vous et\/ou l\u2019\u00e9tablissement d\u2019un devis.<\/p>\n<p>Le destinataire est l\u2019avocat qui est le directeur de publication de ce site, soit Me LADOUX.<\/p>\n<p>Ces donn\u00e9es seront conserv\u00e9es pour une demande de devis le temps d\u2019\u00e9tablissement de ce devis si aucune suite n\u2019est donn\u00e9e soit 15 jours maximum, si une suite est donn\u00e9e et que le dossier est confi\u00e9 \u00e0 l\u2019avocat, les donn\u00e9es seront conserv\u00e9es durant 5 ans \u00e0 compter du dernier acte juridique.<\/p>\n<p>Pour la prise de rendez-vous, les donn\u00e9es seront conserv\u00e9es 5 ans \u00e0 compter de la date de consultation (ceci si un rendez-vous est fix\u00e9 et si une consultation est d\u00e9livr\u00e9e). Dans l\u2019hypoth\u00e8se o\u00f9 la personne concern\u00e9e n\u2019honore pas son rendez-vous, les donn\u00e9es seront effac\u00e9es le jour suivant du rendez-vous non honor\u00e9.<\/p>\n<p>Vous b\u00e9n\u00e9ficiez d\u2019un droit d\u2019acc\u00e8s, de rectification ou d\u2019effacement de vos donn\u00e9es personnelles que vous pouvez demander au responsable du traitement soit \u00e0 Ma\u00eetre LADOUX.<\/p>\n<p>Vous b\u00e9n\u00e9ficiez du droit de demander une limitation du traitement de vos donn\u00e9es personnelles.<\/p>\n<p>Vous b\u00e9n\u00e9ficiez du droit de vous opposer au traitement de vos donn\u00e9es personnelles et du droit \u00e0 la portabilit\u00e9 de vos donn\u00e9es.<\/p>\n<p>Vous pouvez retirer votre consentement au traitement de vos donn\u00e9es personnelles et ceci \u00e0 tout moment en \u00e9crivant au responsable du traitement soit \u00e0 Ma\u00eetre Benjamin LADOUX.<br \/>\nVous pouvez introduire une r\u00e9clamation aupr\u00e8s de la CNIL si vous estimez que la protection de vos donn\u00e9es personnelles n\u2019a pas \u00e9t\u00e9 assur\u00e9e par le responsable du traitement.<\/p>\n<p>Conform\u00e9ment aux dispositions des articles L.612-1 et suivants du Code de la Consommation, vous avez la possibilit\u00e9, en cas de litige, de recourir gratuitement au M\u00e9diateur de la consommation aupr\u00e8s du Conseil National des Barreaux (CNB) dont les coordonn\u00e9es sont les suivantes :<\/p>\n<p>CNB, M\u00e9diateur \u00e0 la Consommation, 180 Boulevard Haussmann &#8211; 75008 Paris.<\/p>\n<p>&nbsp;<\/p>\n","protected":false},"excerpt":{"rendered":"<p>Utilisation des donn\u00e9es personnelles collect\u00e9es Formulaires de contact Les informations recueillies font l\u2019objet d\u2019un traitement informatique destin\u00e9 \u00e0 la prise de rendez-vous ou \u00e0 l\u2019\u00e9tablissement d\u2019un devis. Le destinataire des donn\u00e9es est Ma\u00eetre Benjamin LADOUX, Avocat, inscrit aupr\u00e8s du Barreau de PARIS depuis le 28 octobre 2015, exer\u00e7ant 22, Boulevard<a class=\"moretag\" href=\"https:\/\/ladoux-avocat.com\/index.php\/politique-de-confidentialite\/\"> Lire la suite<\/a><\/p>\n","protected":false},"author":1,"featured_media":0,"parent":0,"menu_order":0,"comment_status":"closed","ping_status":"closed","template":"","meta":{"footnotes":""},"class_list":["post-128","page","type-page","status-publish","hentry"],"_links":{"self":[{"href":"https:\/\/ladoux-avocat.com\/index.php\/wp-json\/wp\/v2\/pages\/128","targetHints":{"allow":["GET"]}}],"collection":[{"href":"https:\/\/ladoux-avocat.com\/index.php\/wp-json\/wp\/v2\/pages"}],"about":[{"href":"https:\/\/ladoux-avocat.com\/index.php\/wp-json\/wp\/v2\/types\/page"}],"author":[{"embeddable":true,"href":"https:\/\/ladoux-avocat.com\/index.php\/wp-json\/wp\/v2\/users\/1"}],"replies":[{"embeddable":true,"href":"https:\/\/ladoux-avocat.com\/index.php\/wp-json\/wp\/v2\/comments?post=128"}],"version-history":[{"count":5,"href":"https:\/\/ladoux-avocat.com\/index.php\/wp-json\/wp\/v2\/pages\/128\/revisions"}],"predecessor-version":[{"id":147,"href":"https:\/\/ladoux-avocat.com\/index.php\/wp-json\/wp\/v2\/pages\/128\/revisions\/147"}],"wp:attachment":[{"href":"https:\/\/ladoux-avocat.com\/index.php\/wp-json\/wp\/v2\/media?parent=128"}],"curies":[{"name":"wp","href":"https:\/\/api.w.org\/{rel}","templated":true}]}}