{"id":14,"date":"2018-04-01T11:09:54","date_gmt":"2018-04-01T09:09:54","guid":{"rendered":"http:\/\/ladoux-avocat.com\/?page_id=14"},"modified":"2022-09-03T15:43:46","modified_gmt":"2022-09-03T13:43:46","slug":"accueil","status":"publish","type":"page","link":"https:\/\/ladoux-avocat.com\/","title":{"rendered":"Accueil"},"content":{"rendered":"<h2 style=\"text-align: left;\">Pr\u00e9sentation<\/h2>\n<p>Ma\u00eetre Benjamin LADOUX est avocat au Barreau de PARIS<\/p>\n<p>Dipl\u00f4m\u00e9 d\u2019un Master en Droit priv\u00e9 sciences Criminelles parcours \u00ab\u00a0<em>droit des personnes et de la famille\u00a0<\/em>\u00bb, et fort d\u2019une exp\u00e9rience pluridisciplinaire, Ma\u00eetre LADOUX vous apporte conseils, assistance et repr\u00e9sentation durant toutes les \u00e9tapes de votre litige.<\/p>\n<p>Les comp\u00e9tences du cabinet s\u2019\u00e9tendent \u00e0 toutes les branches du Droit et tout particuli\u00e8rement en mati\u00e8re de droit des personnes et de la famille, de droit civil g\u00e9n\u00e9ral et de droit p\u00e9nal.<\/p>\n<p>Ma\u00eetre LADOUX est attach\u00e9 \u00e0 \u00e9tablir une v\u00e9ritable relation de confiance avec ses clients en assurant une parfaite confidentialit\u00e9 des \u00e9changes.<\/p>\n<p>L\u2019\u00e9coute, la d\u00e9termination et la disponibilit\u00e9, sont les ma\u00eetres mots qui dictent sa fa\u00e7on de travailler au quotidien.<\/p>\n<p>Le Cabinet est situ\u00e9 au c\u0153ur de Paris, dans le 5<sup>\u00e8me <\/sup>arrondissement, pr\u00e8s du Panth\u00e9on.<\/p>\n","protected":false},"excerpt":{"rendered":"<p>Pr\u00e9sentation Ma\u00eetre Benjamin LADOUX est avocat au Barreau de PARIS Dipl\u00f4m\u00e9 d\u2019un Master en Droit priv\u00e9 sciences Criminelles parcours \u00ab\u00a0droit des personnes et de la famille\u00a0\u00bb, et fort d\u2019une exp\u00e9rience pluridisciplinaire, Ma\u00eetre LADOUX vous apporte conseils, assistance et repr\u00e9sentation durant toutes les \u00e9tapes de votre litige. Les comp\u00e9tences du cabinet<a class=\"moretag\" href=\"https:\/\/ladoux-avocat.com\/\"> Lire la suite<\/a><\/p>\n","protected":false},"author":1,"featured_media":92,"parent":0,"menu_order":0,"comment_status":"closed","ping_status":"closed","template":"","meta":{"footnotes":""},"class_list":["post-14","page","type-page","status-publish","has-post-thumbnail","hentry"],"_links":{"self":[{"href":"https:\/\/ladoux-avocat.com\/index.php\/wp-json\/wp\/v2\/pages\/14","targetHints":{"allow":["GET"]}}],"collection":[{"href":"https:\/\/ladoux-avocat.com\/index.php\/wp-json\/wp\/v2\/pages"}],"about":[{"href":"https:\/\/ladoux-avocat.com\/index.php\/wp-json\/wp\/v2\/types\/page"}],"author":[{"embeddable":true,"href":"https:\/\/ladoux-avocat.com\/index.php\/wp-json\/wp\/v2\/users\/1"}],"replies":[{"embeddable":true,"href":"https:\/\/ladoux-avocat.com\/index.php\/wp-json\/wp\/v2\/comments?post=14"}],"version-history":[{"count":6,"href":"https:\/\/ladoux-avocat.com\/index.php\/wp-json\/wp\/v2\/pages\/14\/revisions"}],"predecessor-version":[{"id":5030,"href":"https:\/\/ladoux-avocat.com\/index.php\/wp-json\/wp\/v2\/pages\/14\/revisions\/5030"}],"wp:featuredmedia":[{"embeddable":true,"href":"https:\/\/ladoux-avocat.com\/index.php\/wp-json\/wp\/v2\/media\/92"}],"wp:attachment":[{"href":"https:\/\/ladoux-avocat.com\/index.php\/wp-json\/wp\/v2\/media?parent=14"}],"curies":[{"name":"wp","href":"https:\/\/api.w.org\/{rel}","templated":true}]}}